{"id":110,"date":"2026-05-09T21:48:45","date_gmt":"2026-05-09T21:48:45","guid":{"rendered":"https:\/\/ergunguvenliksistemleri.com\/?page_id=110"},"modified":"2026-05-09T22:26:23","modified_gmt":"2026-05-09T22:26:23","slug":"ana-sayfa","status":"publish","type":"page","link":"https:\/\/ergunguvenliksistemleri.com\/","title":{"rendered":"Ana Sayfa"},"content":{"rendered":"\t\t<div data-elementor-type=\"wp-page\" data-elementor-id=\"110\" class=\"elementor elementor-110\">\n\t\t\t\t<div class=\"elementor-element elementor-element-4ff26dfc e-flex e-con-boxed e-con e-parent\" data-id=\"4ff26dfc\" data-element_type=\"container\" data-e-type=\"container\" data-settings=\"{&quot;background_background&quot;:&quot;classic&quot;}\">\n\t\t\t\t\t<div class=\"e-con-inner\">\n\t\t<div class=\"elementor-element elementor-element-3472d728 e-con-full e-flex e-con e-child\" data-id=\"3472d728\" data-element_type=\"container\" data-e-type=\"container\">\n\t\t\t\t<div class=\"elementor-element elementor-element-51740a46 elementor-widget__width-initial elementor-widget-tablet__width-initial elementor-invisible elementor-widget elementor-widget-heading\" data-id=\"51740a46\" data-element_type=\"widget\" data-e-type=\"widget\" data-settings=\"{&quot;_animation&quot;:&quot;fadeInUp&quot;}\" data-widget_type=\"heading.default\">\n\t\t\t\t\t<h1 class=\"elementor-heading-title elementor-size-default\">G\u00fcvenlik ve Uydu \u00c7\u00f6z\u00fcmlerinde Profesyonel Hizmet<\/h1>\t\t\t\t<\/div>\n\t\t\t\t<\/div>\n\t\t<div class=\"elementor-element elementor-element-46ac5245 e-con-full e-flex e-con e-child\" data-id=\"46ac5245\" data-element_type=\"container\" data-e-type=\"container\">\n\t\t\t\t<div class=\"elementor-element elementor-element-5aee5add elementor-widget__width-initial elementor-invisible elementor-widget elementor-widget-text-editor\" data-id=\"5aee5add\" data-element_type=\"widget\" data-e-type=\"widget\" data-settings=\"{&quot;_animation&quot;:&quot;fadeInUp&quot;}\" data-widget_type=\"text-editor.default\">\n\t\t\t\t\t\t\t\t\t<p data-start=\"640\" data-end=\"816\">Ev ve i\u015f yerleriniz i\u00e7in kamera sistemleri, uydu kurulumu, \u00e7anak anten montaj\u0131 ve teknik servis hizmetleri sunuyoruz. G\u00fcvenilir, h\u0131zl\u0131 ve profesyonel \u00e7\u00f6z\u00fcmler.<\/p><p data-start=\"818\" data-end=\"959\">\u00a0<\/p>\t\t\t\t\t\t\t\t<\/div>\n\t\t\t\t<div class=\"elementor-element elementor-element-3390e477 elementor-widget__width-initial elementor-widget-mobile__width-initial elementor-invisible elementor-widget elementor-widget-image-box\" data-id=\"3390e477\" data-element_type=\"widget\" data-e-type=\"widget\" data-settings=\"{&quot;_animation&quot;:&quot;fadeInUp&quot;,&quot;_animation_delay&quot;:&quot;250&quot;}\" data-widget_type=\"image-box.default\">\n\t\t\t\t\t<div class=\"elementor-image-box-wrapper\"><div class=\"elementor-image-box-content\"><div class=\"elementor-image-box-title\">4.9<\/div><p class=\"elementor-image-box-description\">M\u00fc\u015fteri Memnuniyeti\n1500+ mutlu m\u00fc\u015fteri<\/p><\/div><\/div>\t\t\t\t<\/div>\n\t\t\t\t<\/div>\n\t\t\t\t\t<\/div>\n\t\t\t\t<\/div>\n\t\t<div class=\"elementor-element elementor-element-3939a9a4 e-grid e-con-boxed e-con e-parent\" data-id=\"3939a9a4\" data-element_type=\"container\" data-e-type=\"container\">\n\t\t\t\t\t<div class=\"e-con-inner\">\n\t\t<div class=\"elementor-element elementor-element-a1d7e4d e-con-full e-flex elementor-invisible e-con e-child\" data-id=\"a1d7e4d\" data-element_type=\"container\" data-e-type=\"container\" data-settings=\"{&quot;background_background&quot;:&quot;classic&quot;,&quot;animation&quot;:&quot;fadeInUp&quot;}\">\n\t\t\t\t<div class=\"elementor-element elementor-element-4d45dd69 elementor-widget__width-initial elementor-widget elementor-widget-heading\" data-id=\"4d45dd69\" data-element_type=\"widget\" data-e-type=\"widget\" data-widget_type=\"heading.default\">\n\t\t\t\t\t<h3 class=\"elementor-heading-title elementor-size-default\">G\u00fcvenlik Kamera Sistemleri<\/h3>\t\t\t\t<\/div>\n\t\t\t\t<div class=\"elementor-element elementor-element-38e99fbe elementor-widget__width-initial elementor-widget elementor-widget-text-editor\" data-id=\"38e99fbe\" data-element_type=\"widget\" data-e-type=\"widget\" data-widget_type=\"text-editor.default\">\n\t\t\t\t\t\t\t\t\t<p>Ev, i\u015f yeri, site ve i\u015fletmeler i\u00e7in y\u00fcksek \u00e7\u00f6z\u00fcn\u00fcrl\u00fckl\u00fc g\u00fcvenlik kamera sistemleri kuruyoruz.<br data-start=\"438\" data-end=\"441\" \/><br \/><\/p>\t\t\t\t\t\t\t\t<\/div>\n\t\t\t\t<\/div>\n\t\t<div class=\"elementor-element elementor-element-14a5e000 e-con-full e-flex elementor-invisible e-con e-child\" data-id=\"14a5e000\" data-element_type=\"container\" data-e-type=\"container\" data-settings=\"{&quot;background_background&quot;:&quot;classic&quot;,&quot;animation&quot;:&quot;fadeInUp&quot;,&quot;animation_delay&quot;:&quot;250&quot;}\">\n\t\t\t\t<div class=\"elementor-element elementor-element-1aa94e85 elementor-widget__width-initial elementor-widget-tablet__width-inherit elementor-widget elementor-widget-heading\" data-id=\"1aa94e85\" data-element_type=\"widget\" data-e-type=\"widget\" data-widget_type=\"heading.default\">\n\t\t\t\t\t<h3 class=\"elementor-heading-title elementor-size-default\">Uydu Sistemleri ve \u00c7anak Anten Hizmetleri<\/h3>\t\t\t\t<\/div>\n\t\t\t\t<div class=\"elementor-element elementor-element-7780b3af elementor-widget__width-initial elementor-widget elementor-widget-text-editor\" data-id=\"7780b3af\" data-element_type=\"widget\" data-e-type=\"widget\" data-widget_type=\"text-editor.default\">\n\t\t\t\t\t\t\t\t\t<p>\u00c7anak anten kurulumu, uydu ayarlama, LNB de\u011fi\u015fimi ve merkezi uydu sistemleri hizmeti sunuyoruz.<\/p>\t\t\t\t\t\t\t\t<\/div>\n\t\t\t\t<\/div>\n\t\t\t\t\t<\/div>\n\t\t\t\t<\/div>\n\t\t<div class=\"elementor-element elementor-element-709807a2 e-flex e-con-boxed e-con e-parent\" data-id=\"709807a2\" data-element_type=\"container\" data-e-type=\"container\">\n\t\t\t\t\t<div class=\"e-con-inner\">\n\t\t\t\t<div class=\"elementor-element elementor-element-3227a8a1 elementor-invisible elementor-widget elementor-widget-image\" data-id=\"3227a8a1\" data-element_type=\"widget\" data-e-type=\"widget\" data-settings=\"{&quot;_animation&quot;:&quot;fadeInUp&quot;}\" data-widget_type=\"image.default\">\n\t\t\t\t\t\t\t\t\t\t\t\t\t\t\t<img fetchpriority=\"high\" decoding=\"async\" width=\"600\" height=\"338\" src=\"https:\/\/ergunguvenliksistemleri.com\/wp-content\/uploads\/2026\/05\/cctv-camera-security-installed-on-600nw-2221649165.png\" class=\"attachment-full size-full wp-image-128\" alt=\"\" srcset=\"https:\/\/ergunguvenliksistemleri.com\/wp-content\/uploads\/2026\/05\/cctv-camera-security-installed-on-600nw-2221649165.png 600w, https:\/\/ergunguvenliksistemleri.com\/wp-content\/uploads\/2026\/05\/cctv-camera-security-installed-on-600nw-2221649165-300x169.png 300w\" sizes=\"(max-width: 600px) 100vw, 600px\" \/>\t\t\t\t\t\t\t\t\t\t\t\t\t\t\t<\/div>\n\t\t<div class=\"elementor-element elementor-element-17bae62c e-con-full e-flex e-con e-child\" data-id=\"17bae62c\" data-element_type=\"container\" data-e-type=\"container\">\n\t\t\t\t<div class=\"elementor-element elementor-element-19f1bd99 elementor-invisible elementor-widget elementor-widget-heading\" data-id=\"19f1bd99\" data-element_type=\"widget\" data-e-type=\"widget\" data-settings=\"{&quot;_animation&quot;:&quot;fadeInUp&quot;,&quot;_animation_delay&quot;:&quot;250&quot;}\" data-widget_type=\"heading.default\">\n\t\t\t\t\t<h2 class=\"elementor-heading-title elementor-size-default\">Neden Erg\u00fcn Uydu ve G\u00fcvenlik Sistemleri?<\/h2>\t\t\t\t<\/div>\n\t\t\t\t<div class=\"elementor-element elementor-element-1e8c353b elementor-invisible elementor-widget elementor-widget-text-editor\" data-id=\"1e8c353b\" data-element_type=\"widget\" data-e-type=\"widget\" data-settings=\"{&quot;_animation&quot;:&quot;fadeInUp&quot;,&quot;_animation_delay&quot;:&quot;250&quot;}\" data-widget_type=\"text-editor.default\">\n\t\t\t\t\t\t\t\t\t<p>Ev ve i\u015f yerleriniz i\u00e7in g\u00fcvenilir, kaliteli ve profesyonel \u00e7\u00f6z\u00fcmler sunuyoruz.<br data-start=\"310\" data-end=\"313\" \/>Ke\u015fif, montaj ve teknik destek s\u00fcre\u00e7lerinde h\u0131zl\u0131 hizmet anlay\u0131\u015f\u0131 ile yan\u0131n\u0131zday\u0131z.<\/p>\t\t\t\t\t\t\t\t<\/div>\n\t\t\t\t<\/div>\n\t\t<div class=\"elementor-element elementor-element-5a4c4d80 e-con-full e-grid e-con e-child\" data-id=\"5a4c4d80\" data-element_type=\"container\" data-e-type=\"container\">\n\t\t<div class=\"elementor-element elementor-element-b984890 e-con-full e-flex elementor-invisible e-con e-child\" data-id=\"b984890\" data-element_type=\"container\" data-e-type=\"container\" data-settings=\"{&quot;animation&quot;:&quot;fadeInUp&quot;}\">\n\t\t\t\t<div class=\"elementor-element elementor-element-26fbecba elementor-widget elementor-widget-heading\" data-id=\"26fbecba\" data-element_type=\"widget\" data-e-type=\"widget\" data-widget_type=\"heading.default\">\n\t\t\t\t\t<div class=\"elementor-heading-title elementor-size-default\">01<\/div>\t\t\t\t<\/div>\n\t\t\t\t<div class=\"elementor-element elementor-element-54fd8a9e elementor-widget__width-initial elementor-widget-mobile__width-inherit elementor-widget elementor-widget-heading\" data-id=\"54fd8a9e\" data-element_type=\"widget\" data-e-type=\"widget\" data-widget_type=\"heading.default\">\n\t\t\t\t\t<div class=\"elementor-heading-title elementor-size-default\">7\/24 G\u00fcvenlik ve \u0130zleme\n<\/div>\t\t\t\t<\/div>\n\t\t\t\t<\/div>\n\t\t<div class=\"elementor-element elementor-element-11c47a07 e-con-full e-flex elementor-invisible e-con e-child\" data-id=\"11c47a07\" data-element_type=\"container\" data-e-type=\"container\" data-settings=\"{&quot;animation&quot;:&quot;fadeInUp&quot;,&quot;animation_delay&quot;:&quot;250&quot;}\">\n\t\t\t\t<div class=\"elementor-element elementor-element-3346a233 elementor-widget elementor-widget-heading\" data-id=\"3346a233\" data-element_type=\"widget\" data-e-type=\"widget\" data-widget_type=\"heading.default\">\n\t\t\t\t\t<div class=\"elementor-heading-title elementor-size-default\">02<\/div>\t\t\t\t<\/div>\n\t\t\t\t<div class=\"elementor-element elementor-element-55664ac6 elementor-widget__width-initial elementor-widget-mobile__width-inherit elementor-widget elementor-widget-heading\" data-id=\"55664ac6\" data-element_type=\"widget\" data-e-type=\"widget\" data-widget_type=\"heading.default\">\n\t\t\t\t\t<div class=\"elementor-heading-title elementor-size-default\">Uydu ve \u00c7anak Anten Uzmanl\u0131\u011f\u0131\n<\/div>\t\t\t\t<\/div>\n\t\t\t\t<\/div>\n\t\t<div class=\"elementor-element elementor-element-157b21e3 e-con-full e-flex elementor-invisible e-con e-child\" data-id=\"157b21e3\" data-element_type=\"container\" data-e-type=\"container\" data-settings=\"{&quot;animation&quot;:&quot;fadeInUp&quot;,&quot;animation_delay&quot;:&quot;500&quot;}\">\n\t\t\t\t<div class=\"elementor-element elementor-element-237a0bc5 elementor-widget elementor-widget-heading\" data-id=\"237a0bc5\" data-element_type=\"widget\" data-e-type=\"widget\" data-widget_type=\"heading.default\">\n\t\t\t\t\t<div class=\"elementor-heading-title elementor-size-default\">03<\/div>\t\t\t\t<\/div>\n\t\t\t\t<div class=\"elementor-element elementor-element-601c32b elementor-widget__width-initial elementor-widget-mobile__width-inherit elementor-widget elementor-widget-heading\" data-id=\"601c32b\" data-element_type=\"widget\" data-e-type=\"widget\" data-widget_type=\"heading.default\">\n\t\t\t\t\t<div class=\"elementor-heading-title elementor-size-default\">H\u0131zl\u0131 Servis &amp; Teknik Destek\n<\/div>\t\t\t\t<\/div>\n\t\t\t\t<\/div>\n\t\t\t\t<\/div>\n\t\t\t\t\t<\/div>\n\t\t\t\t<\/div>\n\t\t<div class=\"elementor-element elementor-element-3978cf80 e-flex e-con-boxed e-con e-parent\" data-id=\"3978cf80\" data-element_type=\"container\" data-e-type=\"container\" data-settings=\"{&quot;background_background&quot;:&quot;classic&quot;}\">\n\t\t\t\t\t<div class=\"e-con-inner\">\n\t\t<div class=\"elementor-element elementor-element-3af41b0c e-con-full e-flex e-con e-child\" data-id=\"3af41b0c\" data-element_type=\"container\" data-e-type=\"container\">\n\t\t\t\t<\/div>\n\t\t<div class=\"elementor-element elementor-element-565ebde9 e-grid e-con-full e-con e-child\" data-id=\"565ebde9\" data-element_type=\"container\" data-e-type=\"container\">\n\t\t<div class=\"elementor-element elementor-element-6a05ff87 e-con-full e-flex elementor-invisible e-con e-child\" data-id=\"6a05ff87\" data-element_type=\"container\" data-e-type=\"container\" data-settings=\"{&quot;animation&quot;:&quot;fadeInUp&quot;}\">\n\t\t\t\t<div class=\"elementor-element elementor-element-42e8c091 elementor-widget elementor-widget-image\" data-id=\"42e8c091\" data-element_type=\"widget\" data-e-type=\"widget\" data-widget_type=\"image.default\">\n\t\t\t\t\t\t\t\t\t\t\t\t\t\t\t<img decoding=\"async\" width=\"512\" height=\"512\" src=\"https:\/\/ergunguvenliksistemleri.com\/wp-content\/uploads\/2026\/05\/cctv.webp\" class=\"attachment-full size-full wp-image-32\" alt=\"\" srcset=\"https:\/\/ergunguvenliksistemleri.com\/wp-content\/uploads\/2026\/05\/cctv.webp 512w, https:\/\/ergunguvenliksistemleri.com\/wp-content\/uploads\/2026\/05\/cctv-300x300.webp 300w, https:\/\/ergunguvenliksistemleri.com\/wp-content\/uploads\/2026\/05\/cctv-150x150.webp 150w\" sizes=\"(max-width: 512px) 100vw, 512px\" \/>\t\t\t\t\t\t\t\t\t\t\t\t\t\t\t<\/div>\n\t\t\t\t<div class=\"elementor-element elementor-element-6b045a1b elementor-widget elementor-widget-image-box\" data-id=\"6b045a1b\" data-element_type=\"widget\" data-e-type=\"widget\" data-widget_type=\"image-box.default\">\n\t\t\t\t\t<div class=\"elementor-image-box-wrapper\"><div class=\"elementor-image-box-content\"><h4 class=\"elementor-image-box-title\"><a href=\"#\">G\u00fcvenlik Kamera Sistemleri<\/a><\/h4><p class=\"elementor-image-box-description\">Ev, i\u015f yeri, ma\u011faza ve site alanlar\u0131 i\u00e7in profesyonel kamera kurulum hizmetleri sunuyoruz.<\/p><\/div><\/div>\t\t\t\t<\/div>\n\t\t\t\t<\/div>\n\t\t<div class=\"elementor-element elementor-element-40dd758b e-con-full e-flex elementor-invisible e-con e-child\" data-id=\"40dd758b\" data-element_type=\"container\" data-e-type=\"container\" data-settings=\"{&quot;animation&quot;:&quot;fadeInUp&quot;,&quot;animation_delay&quot;:&quot;250&quot;}\">\n\t\t\t\t<div class=\"elementor-element elementor-element-390ae4bb elementor-widget elementor-widget-image\" data-id=\"390ae4bb\" data-element_type=\"widget\" data-e-type=\"widget\" data-widget_type=\"image.default\">\n\t\t\t\t\t\t\t\t\t\t\t\t\t\t\t<img decoding=\"async\" width=\"512\" height=\"512\" src=\"https:\/\/ergunguvenliksistemleri.com\/wp-content\/uploads\/2026\/05\/house-security.webp\" class=\"attachment-full size-full wp-image-34\" alt=\"\" srcset=\"https:\/\/ergunguvenliksistemleri.com\/wp-content\/uploads\/2026\/05\/house-security.webp 512w, https:\/\/ergunguvenliksistemleri.com\/wp-content\/uploads\/2026\/05\/house-security-300x300.webp 300w, https:\/\/ergunguvenliksistemleri.com\/wp-content\/uploads\/2026\/05\/house-security-150x150.webp 150w\" sizes=\"(max-width: 512px) 100vw, 512px\" \/>\t\t\t\t\t\t\t\t\t\t\t\t\t\t\t<\/div>\n\t\t\t\t<div class=\"elementor-element elementor-element-b64490d elementor-widget elementor-widget-image-box\" data-id=\"b64490d\" data-element_type=\"widget\" data-e-type=\"widget\" data-widget_type=\"image-box.default\">\n\t\t\t\t\t<div class=\"elementor-image-box-wrapper\"><div class=\"elementor-image-box-content\"><h4 class=\"elementor-image-box-title\"><a href=\"#\">Uydu ve Merkezi Sistem \u00c7\u00f6z\u00fcmleri<\/a><\/h4><p class=\"elementor-image-box-description\">Take control of your security with fully integrated systems that work seamlessly together.<\/p><\/div><\/div>\t\t\t\t<\/div>\n\t\t\t\t<\/div>\n\t\t<div class=\"elementor-element elementor-element-48371490 e-con-full e-flex elementor-invisible e-con e-child\" data-id=\"48371490\" data-element_type=\"container\" data-e-type=\"container\" data-settings=\"{&quot;animation&quot;:&quot;fadeInUp&quot;,&quot;animation_delay&quot;:&quot;500&quot;}\">\n\t\t\t\t<div class=\"elementor-element elementor-element-4592ac1b elementor-widget elementor-widget-image\" data-id=\"4592ac1b\" data-element_type=\"widget\" data-e-type=\"widget\" data-widget_type=\"image.default\">\n\t\t\t\t\t\t\t\t\t\t\t\t\t\t\t<img loading=\"lazy\" decoding=\"async\" width=\"512\" height=\"512\" src=\"https:\/\/ergunguvenliksistemleri.com\/wp-content\/uploads\/2026\/05\/alarm.webp\" class=\"attachment-full size-full wp-image-37\" alt=\"\" srcset=\"https:\/\/ergunguvenliksistemleri.com\/wp-content\/uploads\/2026\/05\/alarm.webp 512w, https:\/\/ergunguvenliksistemleri.com\/wp-content\/uploads\/2026\/05\/alarm-300x300.webp 300w, https:\/\/ergunguvenliksistemleri.com\/wp-content\/uploads\/2026\/05\/alarm-150x150.webp 150w\" sizes=\"(max-width: 512px) 100vw, 512px\" \/>\t\t\t\t\t\t\t\t\t\t\t\t\t\t\t<\/div>\n\t\t\t\t<div class=\"elementor-element elementor-element-35fd0df9 elementor-widget elementor-widget-image-box\" data-id=\"35fd0df9\" data-element_type=\"widget\" data-e-type=\"widget\" data-widget_type=\"image-box.default\">\n\t\t\t\t\t<div class=\"elementor-image-box-wrapper\"><div class=\"elementor-image-box-content\"><h4 class=\"elementor-image-box-title\"><a href=\"#\">Alarm Sistemleri<\/a><\/h4><p class=\"elementor-image-box-description\">H\u0131rs\u0131z alarm\u0131 ve ak\u0131ll\u0131 g\u00fcvenlik \u00e7\u00f6z\u00fcmleri ile ya\u015fam alanlar\u0131n\u0131z\u0131 koruma alt\u0131na al\u0131n.<\/p><\/div><\/div>\t\t\t\t<\/div>\n\t\t\t\t<\/div>\n\t\t<div class=\"elementor-element elementor-element-32e1a867 e-con-full e-flex elementor-invisible e-con e-child\" data-id=\"32e1a867\" data-element_type=\"container\" data-e-type=\"container\" data-settings=\"{&quot;animation&quot;:&quot;fadeInUp&quot;}\">\n\t\t\t\t<div class=\"elementor-element elementor-element-2f91b776 elementor-widget elementor-widget-image\" data-id=\"2f91b776\" data-element_type=\"widget\" data-e-type=\"widget\" data-widget_type=\"image.default\">\n\t\t\t\t\t\t\t\t\t\t\t\t\t\t\t<img loading=\"lazy\" decoding=\"async\" width=\"512\" height=\"512\" src=\"https:\/\/ergunguvenliksistemleri.com\/wp-content\/uploads\/2026\/05\/finger-id.webp\" class=\"attachment-full size-full wp-image-48\" alt=\"\" srcset=\"https:\/\/ergunguvenliksistemleri.com\/wp-content\/uploads\/2026\/05\/finger-id.webp 512w, https:\/\/ergunguvenliksistemleri.com\/wp-content\/uploads\/2026\/05\/finger-id-300x300.webp 300w, https:\/\/ergunguvenliksistemleri.com\/wp-content\/uploads\/2026\/05\/finger-id-150x150.webp 150w\" sizes=\"(max-width: 512px) 100vw, 512px\" \/>\t\t\t\t\t\t\t\t\t\t\t\t\t\t\t<\/div>\n\t\t\t\t<div class=\"elementor-element elementor-element-75d1f9d2 elementor-widget elementor-widget-image-box\" data-id=\"75d1f9d2\" data-element_type=\"widget\" data-e-type=\"widget\" data-widget_type=\"image-box.default\">\n\t\t\t\t\t<div class=\"elementor-image-box-wrapper\"><div class=\"elementor-image-box-content\"><h4 class=\"elementor-image-box-title\"><a href=\"#\">Ge\u00e7i\u015f Kontrol Sistemleri<\/a><\/h4><p class=\"elementor-image-box-description\">Kartl\u0131, \u015fifreli ve ak\u0131ll\u0131 ge\u00e7i\u015f sistemleriyle giri\u015f \u00e7\u0131k\u0131\u015flar\u0131 g\u00fcvenli \u015fekilde y\u00f6netin.<\/p><\/div><\/div>\t\t\t\t<\/div>\n\t\t\t\t<\/div>\n\t\t<div class=\"elementor-element elementor-element-3433ff84 e-con-full e-flex elementor-invisible e-con e-child\" data-id=\"3433ff84\" data-element_type=\"container\" data-e-type=\"container\" data-settings=\"{&quot;animation&quot;:&quot;fadeInUp&quot;,&quot;animation_delay&quot;:&quot;250&quot;}\">\n\t\t\t\t<div class=\"elementor-element elementor-element-3eab50d3 elementor-widget elementor-widget-image\" data-id=\"3eab50d3\" data-element_type=\"widget\" data-e-type=\"widget\" data-widget_type=\"image.default\">\n\t\t\t\t\t\t\t\t\t\t\t\t\t\t\t<img loading=\"lazy\" decoding=\"async\" width=\"512\" height=\"512\" src=\"https:\/\/ergunguvenliksistemleri.com\/wp-content\/uploads\/2026\/05\/security-guard.webp\" class=\"attachment-full size-full wp-image-51\" alt=\"\" srcset=\"https:\/\/ergunguvenliksistemleri.com\/wp-content\/uploads\/2026\/05\/security-guard.webp 512w, https:\/\/ergunguvenliksistemleri.com\/wp-content\/uploads\/2026\/05\/security-guard-300x300.webp 300w, https:\/\/ergunguvenliksistemleri.com\/wp-content\/uploads\/2026\/05\/security-guard-150x150.webp 150w\" sizes=\"(max-width: 512px) 100vw, 512px\" \/>\t\t\t\t\t\t\t\t\t\t\t\t\t\t\t<\/div>\n\t\t\t\t<div class=\"elementor-element elementor-element-86f3fb1 elementor-widget elementor-widget-image-box\" data-id=\"86f3fb1\" data-element_type=\"widget\" data-e-type=\"widget\" data-widget_type=\"image-box.default\">\n\t\t\t\t\t<div class=\"elementor-image-box-wrapper\"><div class=\"elementor-image-box-content\"><h4 class=\"elementor-image-box-title\"><a href=\"#\">Teknik Servis &amp; Destek<\/a><\/h4><p class=\"elementor-image-box-description\">Kurulum sonras\u0131 bak\u0131m, ar\u0131za tespiti ve h\u0131zl\u0131 teknik servis deste\u011fi sa\u011fl\u0131yoruz.<\/p><\/div><\/div>\t\t\t\t<\/div>\n\t\t\t\t<\/div>\n\t\t<div class=\"elementor-element elementor-element-40aa75ed e-con-full e-flex elementor-invisible e-con e-child\" data-id=\"40aa75ed\" data-element_type=\"container\" data-e-type=\"container\" data-settings=\"{&quot;animation&quot;:&quot;fadeInUp&quot;,&quot;animation_delay&quot;:&quot;500&quot;}\">\n\t\t\t\t<div class=\"elementor-element elementor-element-16daf0be elementor-widget elementor-widget-image\" data-id=\"16daf0be\" data-element_type=\"widget\" data-e-type=\"widget\" data-widget_type=\"image.default\">\n\t\t\t\t\t\t\t\t\t\t\t\t\t\t\t<img loading=\"lazy\" decoding=\"async\" width=\"512\" height=\"512\" src=\"https:\/\/ergunguvenliksistemleri.com\/wp-content\/uploads\/2026\/05\/mobile-controller.webp\" class=\"attachment-full size-full wp-image-67\" alt=\"\" srcset=\"https:\/\/ergunguvenliksistemleri.com\/wp-content\/uploads\/2026\/05\/mobile-controller.webp 512w, https:\/\/ergunguvenliksistemleri.com\/wp-content\/uploads\/2026\/05\/mobile-controller-300x300.webp 300w, https:\/\/ergunguvenliksistemleri.com\/wp-content\/uploads\/2026\/05\/mobile-controller-150x150.webp 150w\" sizes=\"(max-width: 512px) 100vw, 512px\" \/>\t\t\t\t\t\t\t\t\t\t\t\t\t\t\t<\/div>\n\t\t\t\t<div class=\"elementor-element elementor-element-6e45ca0e elementor-widget elementor-widget-image-box\" data-id=\"6e45ca0e\" data-element_type=\"widget\" data-e-type=\"widget\" data-widget_type=\"image-box.default\">\n\t\t\t\t\t<div class=\"elementor-image-box-wrapper\"><div class=\"elementor-image-box-content\"><h4 class=\"elementor-image-box-title\"><a href=\"#\">Ak\u0131ll\u0131 G\u00fcvenlik \u00c7\u00f6z\u00fcmleri<\/a><\/h4><p class=\"elementor-image-box-description\">Mobil cihazlar \u00fczerinden izleme, kontrol ve anl\u0131k bildirim \u00f6zellikleriyle her an g\u00fcvende kal\u0131n.<\/p><\/div><\/div>\t\t\t\t<\/div>\n\t\t\t\t<\/div>\n\t\t\t\t<\/div>\n\t\t\t\t\t<\/div>\n\t\t\t\t<\/div>\n\t\t<div class=\"elementor-element elementor-element-4ea76514 e-flex e-con-boxed e-con e-parent\" data-id=\"4ea76514\" data-element_type=\"container\" data-e-type=\"container\">\n\t\t\t\t\t<div class=\"e-con-inner\">\n\t\t<div class=\"elementor-element elementor-element-42957799 e-con-full e-flex elementor-invisible e-con e-child\" data-id=\"42957799\" data-element_type=\"container\" data-e-type=\"container\" data-settings=\"{&quot;background_background&quot;:&quot;classic&quot;,&quot;animation&quot;:&quot;fadeInUp&quot;}\">\n\t\t<div class=\"elementor-element elementor-element-13db5c19 e-con-full e-flex e-con e-child\" data-id=\"13db5c19\" data-element_type=\"container\" data-e-type=\"container\">\n\t\t\t\t<div class=\"elementor-element elementor-element-42499293 elementor-widget__width-initial elementor-invisible elementor-widget elementor-widget-image-box\" data-id=\"42499293\" data-element_type=\"widget\" data-e-type=\"widget\" data-settings=\"{&quot;_animation&quot;:&quot;fadeInUp&quot;,&quot;_animation_delay&quot;:&quot;250&quot;}\" data-widget_type=\"image-box.default\">\n\t\t\t\t\t<div class=\"elementor-image-box-wrapper\"><div class=\"elementor-image-box-content\"><h3 class=\"elementor-image-box-title\">G\u00fcvenli\u011finizi Profesyonellere B\u0131rak\u0131n<\/h3><p class=\"elementor-image-box-description\">Kamera sistemleri, uydu kurulumu ve teknik destek hizmetleriyle ev ve i\u015f yerlerinizi g\u00fcvence alt\u0131na al\u0131yoruz.<\/p><\/div><\/div>\t\t\t\t<\/div>\n\t\t\t\t<div class=\"elementor-element elementor-element-73ed4a2e elementor-mobile-align-center elementor-widget-mobile__width-inherit elementor-invisible elementor-widget elementor-widget-button\" data-id=\"73ed4a2e\" data-element_type=\"widget\" data-e-type=\"widget\" data-settings=\"{&quot;_animation&quot;:&quot;fadeInUp&quot;,&quot;_animation_delay&quot;:&quot;500&quot;}\" data-widget_type=\"button.default\">\n\t\t\t\t\t\t\t\t\t\t<a class=\"elementor-button elementor-button-link elementor-size-sm\" href=\"#\">\n\t\t\t\t\t\t<span class=\"elementor-button-content-wrapper\">\n\t\t\t\t\t\t\t\t\t<span class=\"elementor-button-text\">Hemen \u0130leti\u015fime Ge\u00e7<\/span>\n\t\t\t\t\t<\/span>\n\t\t\t\t\t<\/a>\n\t\t\t\t\t\t\t\t<\/div>\n\t\t\t\t<\/div>\n\t\t\t\t<\/div>\n\t\t\t\t\t<\/div>\n\t\t\t\t<\/div>\n\t\t\t\t<\/div>\n\t\t","protected":false},"excerpt":{"rendered":"<p>G\u00fcvenlik ve Uydu \u00c7\u00f6z\u00fcmlerinde Profesyonel Hizmet Ev ve i\u015f yerleriniz i\u00e7in kamera sistemleri, uydu kurulumu, \u00e7anak anten montaj\u0131 ve teknik servis hizmetleri sunuyoruz. G\u00fcvenilir, h\u0131zl\u0131 ve profesyonel \u00e7\u00f6z\u00fcmler. \u00a0 4.9 M\u00fc\u015fteri Memnuniyeti 1500+ mutlu m\u00fc\u015fteri G\u00fcvenlik Kamera Sistemleri Ev, i\u015f yeri, site ve i\u015fletmeler i\u00e7in y\u00fcksek \u00e7\u00f6z\u00fcn\u00fcrl\u00fckl\u00fc g\u00fcvenlik kamera sistemleri kuruyoruz. Uydu Sistemleri ve \u00c7anak [&hellip;]<\/p>\n","protected":false},"author":1,"featured_media":0,"parent":0,"menu_order":0,"comment_status":"closed","ping_status":"closed","template":"elementor_header_footer","meta":{"_joinchat":[],"footnotes":""},"class_list":["post-110","page","type-page","status-publish","hentry"],"_links":{"self":[{"href":"https:\/\/ergunguvenliksistemleri.com\/wp-json\/wp\/v2\/pages\/110","targetHints":{"allow":["GET"]}}],"collection":[{"href":"https:\/\/ergunguvenliksistemleri.com\/wp-json\/wp\/v2\/pages"}],"about":[{"href":"https:\/\/ergunguvenliksistemleri.com\/wp-json\/wp\/v2\/types\/page"}],"author":[{"embeddable":true,"href":"https:\/\/ergunguvenliksistemleri.com\/wp-json\/wp\/v2\/users\/1"}],"replies":[{"embeddable":true,"href":"https:\/\/ergunguvenliksistemleri.com\/wp-json\/wp\/v2\/comments?post=110"}],"version-history":[{"count":10,"href":"https:\/\/ergunguvenliksistemleri.com\/wp-json\/wp\/v2\/pages\/110\/revisions"}],"predecessor-version":[{"id":131,"href":"https:\/\/ergunguvenliksistemleri.com\/wp-json\/wp\/v2\/pages\/110\/revisions\/131"}],"wp:attachment":[{"href":"https:\/\/ergunguvenliksistemleri.com\/wp-json\/wp\/v2\/media?parent=110"}],"curies":[{"name":"wp","href":"https:\/\/api.w.org\/{rel}","templated":true}]}}